{"id":10,"date":"2025-08-27T07:30:07","date_gmt":"2025-08-27T07:30:07","guid":{"rendered":"https:\/\/mingcha.vn\/index.php\/front_page\/"},"modified":"2025-09-11T06:47:23","modified_gmt":"2025-09-11T06:47:23","slug":"front_page","status":"publish","type":"page","link":"https:\/\/mingcha.vn\/","title":{"rendered":"Home"},"content":{"rendered":"\t<div class=\"img has-hover x md-x lg-x y md-y lg-y\" id=\"image_1234183515\">\n\t\t\t\t\t\t\t\t<div class=\"img-inner dark\" >\n\t\t\t<img loading=\"lazy\" decoding=\"async\" width=\"1020\" height=\"476\" src=\"https:\/\/mingcha.vn\/wp-content\/uploads\/2025\/08\/hinhnen-1024x478.jpg\" class=\"attachment-large size-large\" alt=\"\" srcset=\"https:\/\/mingcha.vn\/wp-content\/uploads\/2025\/08\/hinhnen-1024x478.jpg 1024w, https:\/\/mingcha.vn\/wp-content\/uploads\/2025\/08\/hinhnen-300x140.jpg 300w, https:\/\/mingcha.vn\/wp-content\/uploads\/2025\/08\/hinhnen-768x359.jpg 768w, https:\/\/mingcha.vn\/wp-content\/uploads\/2025\/08\/hinhnen-1536x717.jpg 1536w, https:\/\/mingcha.vn\/wp-content\/uploads\/2025\/08\/hinhnen-1920x896.jpg 1920w, https:\/\/mingcha.vn\/wp-content\/uploads\/2025\/08\/hinhnen.jpg 2048w\" sizes=\"auto, (max-width: 1020px) 100vw, 1020px\" \/>\t\t\t\t\t\t\n\t\t\t\t\t<\/div>\n\t\t\t\t\t\t\t\t\n<style>\n#image_1234183515 {\n  width: 100%;\n}\n<\/style>\n\t<\/div>\n\t\n\n\t<section class=\"section\" id=\"section_664994142\">\n\t\t<div class=\"section-bg fill\" >\n\t\t\t\t\t\t\t\t\t\n\t\t\t\n\n\t\t<\/div>\n\n\t\t\n\n\t\t<div class=\"section-content relative\">\n\t\t\t\n<div class=\"row\"  id=\"row-2133522069\">\n\n\t<div id=\"col-1850933292\" class=\"col medium-6 small-12 large-6\"  >\n\t\t\t\t<div class=\"col-inner\"  >\n\t\t\t\n\t\t\t\n\t<div class=\"img has-hover x md-x lg-x y md-y lg-y\" id=\"image_1659630582\">\n\t\t\t\t\t\t\t\t<div class=\"img-inner dark\" >\n\t\t\t<img loading=\"lazy\" decoding=\"async\" width=\"1020\" height=\"680\" src=\"https:\/\/mingcha.vn\/wp-content\/uploads\/2025\/09\/1-1-1024x683-1.jpg\" class=\"attachment-large size-large\" alt=\"1-1-1024x683\" srcset=\"https:\/\/mingcha.vn\/wp-content\/uploads\/2025\/09\/1-1-1024x683-1.jpg 1024w, https:\/\/mingcha.vn\/wp-content\/uploads\/2025\/09\/1-1-1024x683-1-300x200.jpg 300w, https:\/\/mingcha.vn\/wp-content\/uploads\/2025\/09\/1-1-1024x683-1-768x512.jpg 768w\" sizes=\"auto, (max-width: 1020px) 100vw, 1020px\" \/>\t\t\t\t\t\t\n\t\t\t\t\t<\/div>\n\t\t\t\t\t\t\t\t\n<style>\n#image_1659630582 {\n  width: 100%;\n}\n<\/style>\n\t<\/div>\n\t\n\t\t<\/div>\n\t\t\t\t\t<\/div>\n\n\t\n\n\t<div id=\"col-1381339497\" class=\"col medium-6 small-12 large-6\"  >\n\t\t\t\t<div class=\"col-inner text-center\"  >\n\t\t\t\n\t\t\t\n<h2 style=\"text-align: center;\">GI\u1edaI THI\u1ec6U<\/h2>\n<p>C\u00e2u chuy\u1ec7n th\u01b0\u01a1ng hi\u1ec7u MingCha Tea &amp; Coffee<\/p>\n<p>N\u01a1i h\u01b0\u01a1ng v\u1ecb k\u1ec3 nh\u1eefng c\u00e2u chuy\u1ec7n Kh\u1edfi ngu\u1ed3n t\u1eeb nh\u1eefng c\u00e2u chuy\u1ec7n h\u01b0\u01a1ng v\u1ecb<\/p>\n<p>B\u00ean c\u1ea1nh ni\u1ec1m t\u1ef1 h\u00e0o v\u1ec1 nh\u1eefng ly tr\u00e0 s\u1eefa ngon \u2013 s\u1ea1ch \u2013 t\u01b0\u01a1i, ch\u00fang t\u00f4i lu\u00f4n t\u1ef1 tin mang \u0111\u1ebfn kh\u00e1ch h\u00e0ng nh\u1eefng tr\u1ea3i nghi\u1ec7m t\u1ed1t nh\u1ea5t v\u1ec1 d\u1ecbch v\u1ee5 v\u00e0 kh\u00f4ng gian.<\/p>\n<a class=\"button primary is-large\" style=\"border-radius:10px;\">\n\t\t<span>XEM TH\u00caM<\/span>\n\t<\/a>\n\n\t\t<\/div>\n\t\t\t\t\t<\/div>\n\n\t\n<\/div>\n\t\t<\/div>\n\n\t\t\n<style>\n#section_664994142 {\n  padding-top: 30px;\n  padding-bottom: 30px;\n}\n<\/style>\n\t<\/section>\n\t\n\n\t<section class=\"section\" id=\"section_746460439\">\n\t\t<div class=\"section-bg fill\" >\n\t\t\t\t\t\t\t\t\t\n\t\t\t\n\n\t\t<\/div>\n\n\t\t\n\n\t\t<div class=\"section-content relative\">\n\t\t\t\n<div class=\"container section-title-container\" ><h3 class=\"section-title section-title-center\"><b aria-hidden=\"true\"><\/b><span class=\"section-title-main\" >C\u00c1C M\u00d3N BEST SELLER T\u1ea0I MINGCHA<\/span><b aria-hidden=\"true\"><\/b><\/h3><\/div>\n<div class=\"row\"  id=\"row-1286423748\">\n\n\t<div id=\"col-1601884226\" class=\"col medium-3 small-6 large-3\"  >\n\t\t\t\t<div class=\"col-inner text-center\"  >\n\t\t\t\n\t\t\t\n\t<div class=\"img has-hover x md-x lg-x y md-y lg-y\" id=\"image_231750626\">\n\t\t\t\t\t\t\t\t<div class=\"img-inner image-zoom dark\" >\n\t\t\t<img loading=\"lazy\" decoding=\"async\" width=\"960\" height=\"1440\" src=\"https:\/\/mingcha.vn\/wp-content\/uploads\/2025\/09\/534411182_789256593614917_6444953541607420590_n.jpg\" class=\"attachment-original size-original\" alt=\"tr\u00e0 m\u00e3ng c\u1ea7u\" srcset=\"https:\/\/mingcha.vn\/wp-content\/uploads\/2025\/09\/534411182_789256593614917_6444953541607420590_n.jpg 960w, https:\/\/mingcha.vn\/wp-content\/uploads\/2025\/09\/534411182_789256593614917_6444953541607420590_n-200x300.jpg 200w, https:\/\/mingcha.vn\/wp-content\/uploads\/2025\/09\/534411182_789256593614917_6444953541607420590_n-683x1024.jpg 683w, https:\/\/mingcha.vn\/wp-content\/uploads\/2025\/09\/534411182_789256593614917_6444953541607420590_n-768x1152.jpg 768w, https:\/\/mingcha.vn\/wp-content\/uploads\/2025\/09\/534411182_789256593614917_6444953541607420590_n-720x1080.jpg 720w\" sizes=\"auto, (max-width: 960px) 100vw, 960px\" \/>\t\t\t\t\t\t\n\t\t\t\t\t<\/div>\n\t\t\t\t\t\t\t\t\n<style>\n#image_231750626 {\n  width: 80%;\n}\n<\/style>\n\t<\/div>\n\t\n<p style=\"text-align: center;\"><strong>TR\u00c0 M\u00c3NG C\u1ea6U<\/strong><\/p>\n\t\t<\/div>\n\t\t\t\t\t<\/div>\n\n\t\n\n\t<div id=\"col-498940790\" class=\"col medium-3 small-6 large-3\"  >\n\t\t\t\t<div class=\"col-inner text-center\"  >\n\t\t\t\n\t\t\t\n\t<div class=\"img has-hover x md-x lg-x y md-y lg-y\" id=\"image_1304392917\">\n\t\t\t\t\t\t\t\t<div class=\"img-inner image-zoom dark\" >\n\t\t\t<img loading=\"lazy\" decoding=\"async\" width=\"960\" height=\"1440\" src=\"https:\/\/mingcha.vn\/wp-content\/uploads\/2025\/09\/535406183_789256550281588_224924137301024655_n.jpg\" class=\"attachment-original size-original\" alt=\"tr\u00e0 \u1ed5i h\u1ed3ng\" srcset=\"https:\/\/mingcha.vn\/wp-content\/uploads\/2025\/09\/535406183_789256550281588_224924137301024655_n.jpg 960w, https:\/\/mingcha.vn\/wp-content\/uploads\/2025\/09\/535406183_789256550281588_224924137301024655_n-200x300.jpg 200w, https:\/\/mingcha.vn\/wp-content\/uploads\/2025\/09\/535406183_789256550281588_224924137301024655_n-683x1024.jpg 683w, https:\/\/mingcha.vn\/wp-content\/uploads\/2025\/09\/535406183_789256550281588_224924137301024655_n-768x1152.jpg 768w, https:\/\/mingcha.vn\/wp-content\/uploads\/2025\/09\/535406183_789256550281588_224924137301024655_n-720x1080.jpg 720w\" sizes=\"auto, (max-width: 960px) 100vw, 960px\" \/>\t\t\t\t\t\t\n\t\t\t\t\t<\/div>\n\t\t\t\t\t\t\t\t\n<style>\n#image_1304392917 {\n  width: 80%;\n}\n<\/style>\n\t<\/div>\n\t\n<p style=\"text-align: center;\"><strong>TR\u00c0 \u1ed4I H\u1ed2NG<\/strong><\/p>\n\t\t<\/div>\n\t\t\t\t\t<\/div>\n\n\t\n\n\t<div id=\"col-189305801\" class=\"col medium-3 small-6 large-3\"  >\n\t\t\t\t<div class=\"col-inner text-center\"  >\n\t\t\t\n\t\t\t\n\t<div class=\"img has-hover x md-x lg-x y md-y lg-y\" id=\"image_624474374\">\n\t\t\t\t\t\t\t\t<div class=\"img-inner image-zoom dark\" >\n\t\t\t<img loading=\"lazy\" decoding=\"async\" width=\"798\" height=\"960\" src=\"https:\/\/mingcha.vn\/wp-content\/uploads\/2025\/09\/535904949_789256243614952_235455534868541053_n.jpg\" class=\"attachment-original size-original\" alt=\"Tr\u00e0 tr\u00e1i c\u00e2y\" srcset=\"https:\/\/mingcha.vn\/wp-content\/uploads\/2025\/09\/535904949_789256243614952_235455534868541053_n.jpg 798w, https:\/\/mingcha.vn\/wp-content\/uploads\/2025\/09\/535904949_789256243614952_235455534868541053_n-249x300.jpg 249w, https:\/\/mingcha.vn\/wp-content\/uploads\/2025\/09\/535904949_789256243614952_235455534868541053_n-768x924.jpg 768w\" sizes=\"auto, (max-width: 798px) 100vw, 798px\" \/>\t\t\t\t\t\t\n\t\t\t\t\t<\/div>\n\t\t\t\t\t\t\t\t\n<style>\n#image_624474374 {\n  width: 100%;\n}\n<\/style>\n\t<\/div>\n\t\n<p style=\"text-align: center;\"><strong>TR\u00c0 TR\u00c1I C\u00c2Y<\/strong><\/p>\n\t\t<\/div>\n\t\t\t\t\t<\/div>\n\n\t\n\n\t<div id=\"col-2049334817\" class=\"col medium-3 small-6 large-3\"  >\n\t\t\t\t<div class=\"col-inner text-center\"  >\n\t\t\t\n\t\t\t\n\t<div class=\"img has-hover x md-x lg-x y md-y lg-y\" id=\"image_119313618\">\n\t\t\t\t\t\t\t\t<div class=\"img-inner image-zoom dark\" >\n\t\t\t<img loading=\"lazy\" decoding=\"async\" width=\"1365\" height=\"1706\" src=\"https:\/\/mingcha.vn\/wp-content\/uploads\/2025\/09\/526019795_773107921896451_2775044796359925287_n.jpg\" class=\"attachment-original size-original\" alt=\"tr\u00e0 s\u1eefa\" srcset=\"https:\/\/mingcha.vn\/wp-content\/uploads\/2025\/09\/526019795_773107921896451_2775044796359925287_n.jpg 1365w, https:\/\/mingcha.vn\/wp-content\/uploads\/2025\/09\/526019795_773107921896451_2775044796359925287_n-240x300.jpg 240w, https:\/\/mingcha.vn\/wp-content\/uploads\/2025\/09\/526019795_773107921896451_2775044796359925287_n-819x1024.jpg 819w, https:\/\/mingcha.vn\/wp-content\/uploads\/2025\/09\/526019795_773107921896451_2775044796359925287_n-768x960.jpg 768w, https:\/\/mingcha.vn\/wp-content\/uploads\/2025\/09\/526019795_773107921896451_2775044796359925287_n-1229x1536.jpg 1229w, https:\/\/mingcha.vn\/wp-content\/uploads\/2025\/09\/526019795_773107921896451_2775044796359925287_n-864x1080.jpg 864w\" sizes=\"auto, (max-width: 1365px) 100vw, 1365px\" \/>\t\t\t\t\t\t\n\t\t\t\t\t<\/div>\n\t\t\t\t\t\t\t\t\n<style>\n#image_119313618 {\n  width: 97%;\n}\n<\/style>\n\t<\/div>\n\t\n<p style=\"text-align: center;\"><strong>TR\u00c0 G\u00cc \u0110\u00c2Y ???<\/strong><\/p>\n\t\t<\/div>\n\t\t\t\t\t<\/div>\n\n\t\n<\/div>\n\t\t<\/div>\n\n\t\t\n<style>\n#section_746460439 {\n  padding-top: 30px;\n  padding-bottom: 30px;\n}\n<\/style>\n\t<\/section>\n\t\n\n\t<section class=\"section\" id=\"section_830799098\">\n\t\t<div class=\"section-bg fill\" >\n\t\t\t<img loading=\"lazy\" decoding=\"async\" width=\"800\" height=\"532\" src=\"https:\/\/mingcha.vn\/wp-content\/uploads\/2025\/09\/kinhnghiemdulichhan-8-1-4.jpg\" class=\"bg attachment- size-\" alt=\"\" \/>\t\t\t\t\t\t\n\t\t\t\n\n\t\t<\/div>\n\n\t\t\n\n\t\t<div class=\"section-content relative\">\n\t\t\t\n<div class=\"row\"  id=\"row-1144161795\">\n\n\t<div id=\"col-1467094298\" class=\"col medium-6 small-12 large-6\"  >\n\t\t\t\t<div class=\"col-inner\"  >\n\t\t\t\n\t\t\t\n\t<div class=\"img has-hover x md-x lg-x y md-y lg-y\" id=\"image_510486616\">\n\t\t\t\t\t\t\t\t<div class=\"img-inner dark\" >\n\t\t\t<img loading=\"lazy\" decoding=\"async\" width=\"500\" height=\"500\" src=\"https:\/\/mingcha.vn\/wp-content\/uploads\/2025\/09\/image-removebg-preview.png\" class=\"attachment-large size-large\" alt=\"image-removebg-preview\" srcset=\"https:\/\/mingcha.vn\/wp-content\/uploads\/2025\/09\/image-removebg-preview.png 500w, https:\/\/mingcha.vn\/wp-content\/uploads\/2025\/09\/image-removebg-preview-300x300.png 300w, https:\/\/mingcha.vn\/wp-content\/uploads\/2025\/09\/image-removebg-preview-150x150.png 150w\" sizes=\"auto, (max-width: 500px) 100vw, 500px\" \/>\t\t\t\t\t\t\n\t\t\t\t\t<\/div>\n\t\t\t\t\t\t\t\t\n<style>\n#image_510486616 {\n  width: 100%;\n}\n<\/style>\n\t<\/div>\n\t\n\t\t<\/div>\n\t\t\t\t\t<\/div>\n\n\t\n\n\t<div id=\"col-1775935646\" class=\"col medium-6 small-12 large-6\"  >\n\t\t\t\t<div class=\"col-inner text-center\"  >\n\t\t\t\n\t\t\t\n\t<div id=\"text-2083067195\" class=\"text\">\n\t\t\n<p><strong>VI\u1ebeT G\u00cc V\u00c0O \u0110\u00c2Y \u0110I!!!!<\/strong><\/p>\n\t\t\n<style>\n#text-2083067195 {\n  font-size: 2.85rem;\n  color: rgb(255, 255, 255);\n}\n#text-2083067195 > * {\n  color: rgb(255, 255, 255);\n}\n<\/style>\n\t<\/div>\n\t\n<a class=\"button primary is-large\" style=\"border-radius:99px;\">\n\t\t<span>MUA NGAY<\/span>\n\t<\/a>\n\n\t\t<\/div>\n\t\t\t\t\t<\/div>\n\n\t\n<\/div>\n\t\t<\/div>\n\n\t\t\n<style>\n#section_830799098 {\n  padding-top: 30px;\n  padding-bottom: 30px;\n}\n<\/style>\n\t<\/section>\n\t\n\n\t<section class=\"section\" id=\"section_1135791396\">\n\t\t<div class=\"section-bg fill\" >\n\t\t\t\t\t\t\t\t\t\n\t\t\t\n\n\t\t<\/div>\n\n\t\t\n\n\t\t<div class=\"section-content relative\">\n\t\t\t\n<div class=\"container section-title-container\" ><h3 class=\"section-title section-title-bold\"><b aria-hidden=\"true\"><\/b><span class=\"section-title-main\" >GIA NH\u1eacP C\u00d9NG CH\u00daNG T\u00d4I<\/span><b aria-hidden=\"true\"><\/b><\/h3><\/div>\n\n  \n    <div class=\"row large-columns-3 medium-columns-1 small-columns-1 slider row-slider slider-nav-reveal slider-nav-push\"  data-flickity-options='{&quot;imagesLoaded&quot;: true, &quot;groupCells&quot;: &quot;100%&quot;, &quot;dragThreshold&quot; : 5, &quot;cellAlign&quot;: &quot;left&quot;,&quot;wrapAround&quot;: true,&quot;prevNextButtons&quot;: true,&quot;percentPosition&quot;: true,&quot;pageDots&quot;: false, &quot;rightToLeft&quot;: false, &quot;autoPlay&quot; : false}' >\n\n  <div class=\"col post-item\" >\n\t\t\t<div class=\"col-inner\">\n\t\t\t\t<div class=\"box box-normal box-text-bottom box-blog-post has-hover\">\n            \t\t\t\t\t<div class=\"box-image\" >\n  \t\t\t\t\t\t<div class=\"image-cover\" style=\"padding-top:56.25%;\">\n\t\t\t\t\t\t\t<a href=\"https:\/\/mingcha.vn\/index.php\/2025\/09\/09\/tuyen-dung-2\/\" class=\"plain\" aria-label=\"TUY\u1ec2N D\u1ee4NG\">\n\t\t\t\t\t\t\t\t<img loading=\"lazy\" decoding=\"async\" width=\"300\" height=\"288\" src=\"https:\/\/mingcha.vn\/wp-content\/uploads\/2025\/09\/TD-300x288.jpg\" class=\"attachment-medium size-medium wp-post-image\" alt=\"tuy\u1ec3n d\u1ee5ng\" srcset=\"https:\/\/mingcha.vn\/wp-content\/uploads\/2025\/09\/TD-300x288.jpg 300w, https:\/\/mingcha.vn\/wp-content\/uploads\/2025\/09\/TD-1024x982.jpg 1024w, https:\/\/mingcha.vn\/wp-content\/uploads\/2025\/09\/TD-768x737.jpg 768w, https:\/\/mingcha.vn\/wp-content\/uploads\/2025\/09\/TD-1536x1473.jpg 1536w, https:\/\/mingcha.vn\/wp-content\/uploads\/2025\/09\/TD-1126x1080.jpg 1126w, https:\/\/mingcha.vn\/wp-content\/uploads\/2025\/09\/TD.jpg 2048w\" sizes=\"auto, (max-width: 300px) 100vw, 300px\" \/>\t\t\t\t\t\t\t<\/a>\n  \t\t\t\t\t\t\t  \t\t\t\t\t\t\t  \t\t\t\t\t\t<\/div>\n  \t\t\t\t\t\t  \t\t\t\t\t<\/div>\n          \t\t\t\t\t<div class=\"box-text text-center\" >\n\t\t\t\t\t<div class=\"box-text-inner blog-post-inner\">\n\n\t\t\t\t\t\n\t\t\t\t\t\t\t\t\t\t<h5 class=\"post-title is-large \">\n\t\t\t\t\t\t<a href=\"https:\/\/mingcha.vn\/index.php\/2025\/09\/09\/tuyen-dung-2\/\" class=\"plain\">TUY\u1ec2N D\u1ee4NG<\/a>\n\t\t\t\t\t<\/h5>\n\t\t\t\t\t\t\t\t\t\t<div class=\"is-divider\"><\/div>\n\t\t\t\t\t\t\t\t\t\t<p class=\"from_the_blog_excerpt \">\n\t\t\t\t\t\tTUY\u1ec2N D\u1ee4NG NH\u00c2N VI\u00caN VUI V\u1eba \u2013 V\u00c0O TEAM MINGCHA LI\u1ec0N TAY! Qu\u00e1n xinh, kh\u00e1ch [...]\t\t\t\t\t<\/p>\n\t\t\t\t\t                    \n\t\t\t\t\t\n\t\t\t\t\t\n\t\t\t\t\t<\/div>\n\t\t\t\t\t<\/div>\n\t\t\t\t\t\t\t\t\t\t\t\t\t\t\t\t<div class=\"badge absolute top post-date badge-outline\">\n\t\t\t\t\t\t\t<div class=\"badge-inner\">\n\t\t\t\t\t\t\t\t<span class=\"post-date-day\">09<\/span><br>\n\t\t\t\t\t\t\t\t<span class=\"post-date-month is-xsmall\">Sep<\/span>\n\t\t\t\t\t\t\t<\/div>\n\t\t\t\t\t\t<\/div>\n\t\t\t\t\t\t\t\t\t<\/div>\n\t\t\t<\/div>\n\t\t<\/div><\/div>\n<div class=\"container section-title-container\" ><h3 class=\"section-title section-title-center\"><b aria-hidden=\"true\"><\/b><span class=\"section-title-main\" >B\u00e0i VI\u1ebeT<\/span><b aria-hidden=\"true\"><\/b><\/h3><\/div>\n\n  \n    <div class=\"row large-columns-3 medium-columns-1 small-columns-1 slider row-slider slider-nav-reveal slider-nav-push\"  data-flickity-options='{&quot;imagesLoaded&quot;: true, &quot;groupCells&quot;: &quot;100%&quot;, &quot;dragThreshold&quot; : 5, &quot;cellAlign&quot;: &quot;left&quot;,&quot;wrapAround&quot;: true,&quot;prevNextButtons&quot;: true,&quot;percentPosition&quot;: true,&quot;pageDots&quot;: false, &quot;rightToLeft&quot;: false, &quot;autoPlay&quot; : false}' >\n\n  <div class=\"col post-item\" >\n\t\t\t<div class=\"col-inner\">\n\t\t\t\t<div class=\"box box-normal box-text-bottom box-blog-post has-hover\">\n            \t\t\t\t\t<div class=\"box-image\" >\n  \t\t\t\t\t\t<div class=\"image-cover\" style=\"padding-top:56.25%;\">\n\t\t\t\t\t\t\t<a href=\"https:\/\/mingcha.vn\/index.php\/2025\/09\/09\/di-giua-rung-co-tu-do-trong-tung-nhip-buoc\/\" class=\"plain\" aria-label=\"\u0110i gi\u1eefa r\u1eebng c\u1edd \u2013 t\u1ef1 do trong t\u1eebng nh\u1ecbp b\u01b0\u1edbc\">\n\t\t\t\t\t\t\t\t<img loading=\"lazy\" decoding=\"async\" width=\"300\" height=\"225\" src=\"https:\/\/mingcha.vn\/wp-content\/uploads\/2025\/09\/1-300x225.jpg\" class=\"attachment-medium size-medium wp-post-image\" alt=\"\" srcset=\"https:\/\/mingcha.vn\/wp-content\/uploads\/2025\/09\/1-300x225.jpg 300w, https:\/\/mingcha.vn\/wp-content\/uploads\/2025\/09\/1-1024x768.jpg 1024w, https:\/\/mingcha.vn\/wp-content\/uploads\/2025\/09\/1-768x576.jpg 768w, https:\/\/mingcha.vn\/wp-content\/uploads\/2025\/09\/1-1536x1152.jpg 1536w, https:\/\/mingcha.vn\/wp-content\/uploads\/2025\/09\/1-1440x1080.jpg 1440w, https:\/\/mingcha.vn\/wp-content\/uploads\/2025\/09\/1.jpg 2048w\" sizes=\"auto, (max-width: 300px) 100vw, 300px\" \/>\t\t\t\t\t\t\t<\/a>\n  \t\t\t\t\t\t\t  \t\t\t\t\t\t\t  \t\t\t\t\t\t<\/div>\n  \t\t\t\t\t\t  \t\t\t\t\t<\/div>\n          \t\t\t\t\t<div class=\"box-text text-center\" >\n\t\t\t\t\t<div class=\"box-text-inner blog-post-inner\">\n\n\t\t\t\t\t\n\t\t\t\t\t\t\t\t\t\t<h5 class=\"post-title is-large \">\n\t\t\t\t\t\t<a href=\"https:\/\/mingcha.vn\/index.php\/2025\/09\/09\/di-giua-rung-co-tu-do-trong-tung-nhip-buoc\/\" class=\"plain\">\u0110i gi\u1eefa r\u1eebng c\u1edd \u2013 t\u1ef1 do trong t\u1eebng nh\u1ecbp b\u01b0\u1edbc<\/a>\n\t\t\t\t\t<\/h5>\n\t\t\t\t\t\t\t\t\t\t<div class=\"is-divider\"><\/div>\n\t\t\t\t\t\t\t\t\t\t<p class=\"from_the_blog_excerpt \">\n\t\t\t\t\t\t\u0110i gi\u1eefa r\u1eebng c\u1edd \u2013 t\u1ef1 do trong t\u1eebng nh\u1ecbp b\u01b0\u1edbc Ng\u00e0y l\u1ec5 l\u1edbn \u0111ang [...]\t\t\t\t\t<\/p>\n\t\t\t\t\t                    \n\t\t\t\t\t\n\t\t\t\t\t\n\t\t\t\t\t<\/div>\n\t\t\t\t\t<\/div>\n\t\t\t\t\t\t\t\t\t\t\t\t\t\t\t\t<div class=\"badge absolute top post-date badge-outline\">\n\t\t\t\t\t\t\t<div class=\"badge-inner\">\n\t\t\t\t\t\t\t\t<span class=\"post-date-day\">09<\/span><br>\n\t\t\t\t\t\t\t\t<span class=\"post-date-month is-xsmall\">Sep<\/span>\n\t\t\t\t\t\t\t<\/div>\n\t\t\t\t\t\t<\/div>\n\t\t\t\t\t\t\t\t\t<\/div>\n\t\t\t<\/div>\n\t\t<\/div><div class=\"col post-item\" >\n\t\t\t<div class=\"col-inner\">\n\t\t\t\t<div class=\"box box-normal box-text-bottom box-blog-post has-hover\">\n            \t\t\t\t\t<div class=\"box-image\" >\n  \t\t\t\t\t\t<div class=\"image-cover\" style=\"padding-top:56.25%;\">\n\t\t\t\t\t\t\t<a href=\"https:\/\/mingcha.vn\/index.php\/2025\/09\/09\/mingcha-ruc-ro-mung-quoc-khanh-2-9\/\" class=\"plain\" aria-label=\"MINGCHA R\u1ef0C R\u1ee0 M\u1eeaNG QU\u1ed0C KH\u00c1NH 2\/9\">\n\t\t\t\t\t\t\t\t<img loading=\"lazy\" decoding=\"async\" width=\"234\" height=\"300\" src=\"https:\/\/mingcha.vn\/wp-content\/uploads\/2025\/09\/blog-234x300.jpg\" class=\"attachment-medium size-medium wp-post-image\" alt=\"blog\" srcset=\"https:\/\/mingcha.vn\/wp-content\/uploads\/2025\/09\/blog-234x300.jpg 234w, https:\/\/mingcha.vn\/wp-content\/uploads\/2025\/09\/blog-798x1024.jpg 798w, https:\/\/mingcha.vn\/wp-content\/uploads\/2025\/09\/blog-768x985.jpg 768w, https:\/\/mingcha.vn\/wp-content\/uploads\/2025\/09\/blog-842x1080.jpg 842w, https:\/\/mingcha.vn\/wp-content\/uploads\/2025\/09\/blog.jpg 998w\" sizes=\"auto, (max-width: 234px) 100vw, 234px\" \/>\t\t\t\t\t\t\t<\/a>\n  \t\t\t\t\t\t\t  \t\t\t\t\t\t\t  \t\t\t\t\t\t<\/div>\n  \t\t\t\t\t\t  \t\t\t\t\t<\/div>\n          \t\t\t\t\t<div class=\"box-text text-center\" >\n\t\t\t\t\t<div class=\"box-text-inner blog-post-inner\">\n\n\t\t\t\t\t\n\t\t\t\t\t\t\t\t\t\t<h5 class=\"post-title is-large \">\n\t\t\t\t\t\t<a href=\"https:\/\/mingcha.vn\/index.php\/2025\/09\/09\/mingcha-ruc-ro-mung-quoc-khanh-2-9\/\" class=\"plain\">MINGCHA R\u1ef0C R\u1ee0 M\u1eeaNG QU\u1ed0C KH\u00c1NH 2\/9<\/a>\n\t\t\t\t\t<\/h5>\n\t\t\t\t\t\t\t\t\t\t<div class=\"is-divider\"><\/div>\n\t\t\t\t\t\t\t\t\t\t<p class=\"from_the_blog_excerpt \">\n\t\t\t\t\t\tMINGCHA R\u1ef0C R\u1ee0 M\u1eeaNG QU\u1ed0C KH\u00c1NH 2\/9 Ng\u00e0y l\u1ec5 l\u1edbn \u2013 ni\u1ec1m vui l\u1edbn! M\u1ed7i [...]\t\t\t\t\t<\/p>\n\t\t\t\t\t                    \n\t\t\t\t\t\n\t\t\t\t\t\n\t\t\t\t\t<\/div>\n\t\t\t\t\t<\/div>\n\t\t\t\t\t\t\t\t\t\t\t\t\t\t\t\t<div class=\"badge absolute top post-date badge-outline\">\n\t\t\t\t\t\t\t<div class=\"badge-inner\">\n\t\t\t\t\t\t\t\t<span class=\"post-date-day\">09<\/span><br>\n\t\t\t\t\t\t\t\t<span class=\"post-date-month is-xsmall\">Sep<\/span>\n\t\t\t\t\t\t\t<\/div>\n\t\t\t\t\t\t<\/div>\n\t\t\t\t\t\t\t\t\t<\/div>\n\t\t\t<\/div>\n\t\t<\/div><\/div>\n\t\t<\/div>\n\n\t\t\n<style>\n#section_1135791396 {\n  padding-top: 30px;\n  padding-bottom: 30px;\n}\n<\/style>\n\t<\/section>\n\t\n","protected":false},"excerpt":{"rendered":"","protected":false},"author":1,"featured_media":0,"parent":0,"menu_order":0,"comment_status":"closed","ping_status":"closed","template":"page-blank.php","meta":{"footnotes":""},"class_list":["post-10","page","type-page","status-publish","hentry"],"_links":{"self":[{"href":"https:\/\/mingcha.vn\/index.php\/wp-json\/wp\/v2\/pages\/10","targetHints":{"allow":["GET"]}}],"collection":[{"href":"https:\/\/mingcha.vn\/index.php\/wp-json\/wp\/v2\/pages"}],"about":[{"href":"https:\/\/mingcha.vn\/index.php\/wp-json\/wp\/v2\/types\/page"}],"author":[{"embeddable":true,"href":"https:\/\/mingcha.vn\/index.php\/wp-json\/wp\/v2\/users\/1"}],"replies":[{"embeddable":true,"href":"https:\/\/mingcha.vn\/index.php\/wp-json\/wp\/v2\/comments?post=10"}],"version-history":[{"count":33,"href":"https:\/\/mingcha.vn\/index.php\/wp-json\/wp\/v2\/pages\/10\/revisions"}],"predecessor-version":[{"id":249,"href":"https:\/\/mingcha.vn\/index.php\/wp-json\/wp\/v2\/pages\/10\/revisions\/249"}],"wp:attachment":[{"href":"https:\/\/mingcha.vn\/index.php\/wp-json\/wp\/v2\/media?parent=10"}],"curies":[{"name":"wp","href":"https:\/\/api.w.org\/{rel}","templated":true}]}}