{"id":144,"date":"2025-09-06T03:52:49","date_gmt":"2025-09-06T03:52:49","guid":{"rendered":"https:\/\/mingcha.vn\/?page_id=144"},"modified":"2025-09-06T04:36:17","modified_gmt":"2025-09-06T04:36:17","slug":"menu","status":"publish","type":"page","link":"https:\/\/mingcha.vn\/index.php\/menu\/","title":{"rendered":"MENU"},"content":{"rendered":"\n\t<section class=\"section\" id=\"section_464718519\">\n\t\t<div class=\"section-bg fill\" >\n\t\t\t\t\t\t\t\t\t\n\t\t\t\n\n\t\t<\/div>\n\n\t\t\n\n\t\t<div class=\"section-content relative\">\n\t\t\t\n<div class=\"row\"  id=\"row-1978680764\">\n\n\t<div id=\"col-1354567168\" class=\"col medium-6 small-12 large-6\"  >\n\t\t\t\t<div class=\"col-inner\"  >\n\t\t\t\n\t\t\t\n\t<div class=\"img has-hover x md-x lg-x y md-y lg-y\" id=\"image_1906194612\">\n\t\t\t\t\t\t\t\t<div class=\"img-inner image-cover dark\" style=\"padding-top:500px;\">\n\t\t\t<img loading=\"lazy\" decoding=\"async\" width=\"240\" height=\"300\" src=\"https:\/\/mingcha.vn\/wp-content\/uploads\/2025\/09\/526019795_773107921896451_2775044796359925287_n-240x300.jpg\" class=\"attachment-medium size-medium\" alt=\"tr\u00e0 s\u1eefa\" srcset=\"https:\/\/mingcha.vn\/wp-content\/uploads\/2025\/09\/526019795_773107921896451_2775044796359925287_n-240x300.jpg 240w, https:\/\/mingcha.vn\/wp-content\/uploads\/2025\/09\/526019795_773107921896451_2775044796359925287_n-819x1024.jpg 819w, https:\/\/mingcha.vn\/wp-content\/uploads\/2025\/09\/526019795_773107921896451_2775044796359925287_n-768x960.jpg 768w, https:\/\/mingcha.vn\/wp-content\/uploads\/2025\/09\/526019795_773107921896451_2775044796359925287_n-1229x1536.jpg 1229w, https:\/\/mingcha.vn\/wp-content\/uploads\/2025\/09\/526019795_773107921896451_2775044796359925287_n-864x1080.jpg 864w, https:\/\/mingcha.vn\/wp-content\/uploads\/2025\/09\/526019795_773107921896451_2775044796359925287_n.jpg 1365w\" sizes=\"auto, (max-width: 240px) 100vw, 240px\" \/>\t\t\t\t\t\t\n\t\t\t\t\t<\/div>\n\t\t\t\t\t\t\t\t\n<style>\n#image_1906194612 {\n  width: 100%;\n}\n<\/style>\n\t<\/div>\n\t\n\t\t<\/div>\n\t\t\t\t\t<\/div>\n\n\t\n\n\t<div id=\"col-358306722\" class=\"col medium-6 small-12 large-6\"  >\n\t\t\t\t<div class=\"col-inner\"  >\n\t\t\t\n\t\t\t\n\t<div class=\"img has-hover x md-x lg-x y md-y lg-y\" id=\"image_145005789\">\n\t\t\t\t\t\t\t\t<div class=\"img-inner dark\" >\n\t\t\t<img loading=\"lazy\" decoding=\"async\" width=\"843\" height=\"843\" src=\"https:\/\/mingcha.vn\/wp-content\/uploads\/2025\/09\/524344090_772959781911265_7253987836948036816_n.jpg\" class=\"attachment-large size-large\" alt=\"tr\u00e0 tr\u00e1i c\u00e2y\" srcset=\"https:\/\/mingcha.vn\/wp-content\/uploads\/2025\/09\/524344090_772959781911265_7253987836948036816_n.jpg 843w, https:\/\/mingcha.vn\/wp-content\/uploads\/2025\/09\/524344090_772959781911265_7253987836948036816_n-300x300.jpg 300w, https:\/\/mingcha.vn\/wp-content\/uploads\/2025\/09\/524344090_772959781911265_7253987836948036816_n-150x150.jpg 150w, https:\/\/mingcha.vn\/wp-content\/uploads\/2025\/09\/524344090_772959781911265_7253987836948036816_n-768x768.jpg 768w\" sizes=\"auto, (max-width: 843px) 100vw, 843px\" \/>\t\t\t\t\t\t\n\t\t\t\t\t<\/div>\n\t\t\t\t\t\t\t\t\n<style>\n#image_145005789 {\n  width: 100%;\n}\n<\/style>\n\t<\/div>\n\t\n\t\t<\/div>\n\t\t\t\t\t<\/div>\n\n\t\n<\/div>\n\t\t<\/div>\n\n\t\t\n<style>\n#section_464718519 {\n  padding-top: 30px;\n  padding-bottom: 30px;\n}\n<\/style>\n\t<\/section>\n\t\n","protected":false},"excerpt":{"rendered":"","protected":false},"author":1,"featured_media":0,"parent":0,"menu_order":0,"comment_status":"closed","ping_status":"closed","template":"","meta":{"footnotes":""},"class_list":["post-144","page","type-page","status-publish","hentry"],"_links":{"self":[{"href":"https:\/\/mingcha.vn\/index.php\/wp-json\/wp\/v2\/pages\/144","targetHints":{"allow":["GET"]}}],"collection":[{"href":"https:\/\/mingcha.vn\/index.php\/wp-json\/wp\/v2\/pages"}],"about":[{"href":"https:\/\/mingcha.vn\/index.php\/wp-json\/wp\/v2\/types\/page"}],"author":[{"embeddable":true,"href":"https:\/\/mingcha.vn\/index.php\/wp-json\/wp\/v2\/users\/1"}],"replies":[{"embeddable":true,"href":"https:\/\/mingcha.vn\/index.php\/wp-json\/wp\/v2\/comments?post=144"}],"version-history":[{"count":2,"href":"https:\/\/mingcha.vn\/index.php\/wp-json\/wp\/v2\/pages\/144\/revisions"}],"predecessor-version":[{"id":173,"href":"https:\/\/mingcha.vn\/index.php\/wp-json\/wp\/v2\/pages\/144\/revisions\/173"}],"wp:attachment":[{"href":"https:\/\/mingcha.vn\/index.php\/wp-json\/wp\/v2\/media?parent=144"}],"curies":[{"name":"wp","href":"https:\/\/api.w.org\/{rel}","templated":true}]}}